{"id":1426,"date":"2017-04-22T08:55:51","date_gmt":"2017-04-22T05:55:51","guid":{"rendered":"http:\/\/www.sigortaustasi.com\/?page_id=1426"},"modified":"2017-04-22T08:58:00","modified_gmt":"2017-04-22T05:58:00","slug":"kaza-tespiti-kaza-tutanagi","status":"publish","type":"page","link":"http:\/\/www.sigortaustasi.com\/index.php\/kaza-tespiti-kaza-tutanagi\/","title":{"rendered":"Kaza Tespiti &#8211; Kaza Tutana\u011f\u0131"},"content":{"rendered":"<p>G\u00fcnl\u00fck trafik ak\u0131\u015f\u0131nda ba\u015f\u0131n\u0131za gelebilecek, maddi boyuttaki kazan\u0131z\u0131 resmiyete ba\u011flayabilirsiniz.<br \/>\nBunun i\u00e7in kaza tespit tutana\u011f\u0131n\u0131 kar\u015f\u0131l\u0131kl\u0131 olarak doldurman\u0131z yeterli olacakt\u0131r.<br \/>\n<a href=\"\/kazatespittutanagi.pdf\" target=\"_blank\">Kaza tespit tutana\u011f\u0131n\u0131 indirmek i\u00e7in t\u0131klay\u0131n\u0131z.<\/a> <\/p>\n<p>Nas\u0131l doldurulaca\u011f\u0131 hakk\u0131nda \u00f6zet bilgi vermesi a\u00e7\u0131s\u0131ndan a\u015fa\u011f\u0131daki \u00f6rne\u011fi inceleyebilirsiniz.<br \/>\n<a href=\"\/ornektespittutanagi.pdf\" target=\"_blank\">\u00d6rnek tespit tutana\u011f\u0131.<\/a><\/p>\n","protected":false},"excerpt":{"rendered":"<p>G\u00fcnl\u00fck trafik ak\u0131\u015f\u0131nda ba\u015f\u0131n\u0131za gelebilecek, maddi boyuttaki kazan\u0131z\u0131 resmiyete ba\u011flayabilirsiniz. Bunun i\u00e7in kaza tespit tutana\u011f\u0131n\u0131 kar\u015f\u0131l\u0131kl\u0131 olarak doldurman\u0131z yeterli olacakt\u0131r. Kaza tespit tutana\u011f\u0131n\u0131 indirmek i\u00e7in t\u0131klay\u0131n\u0131z. Nas\u0131l doldurulaca\u011f\u0131 hakk\u0131nda \u00f6zet &#8230;<\/p>\n","protected":false},"author":1,"featured_media":0,"parent":0,"menu_order":0,"comment_status":"closed","ping_status":"closed","template":"","meta":{"footnotes":""},"_links":{"self":[{"href":"http:\/\/www.sigortaustasi.com\/index.php\/wp-json\/wp\/v2\/pages\/1426"}],"collection":[{"href":"http:\/\/www.sigortaustasi.com\/index.php\/wp-json\/wp\/v2\/pages"}],"about":[{"href":"http:\/\/www.sigortaustasi.com\/index.php\/wp-json\/wp\/v2\/types\/page"}],"author":[{"embeddable":true,"href":"http:\/\/www.sigortaustasi.com\/index.php\/wp-json\/wp\/v2\/users\/1"}],"replies":[{"embeddable":true,"href":"http:\/\/www.sigortaustasi.com\/index.php\/wp-json\/wp\/v2\/comments?post=1426"}],"version-history":[{"count":2,"href":"http:\/\/www.sigortaustasi.com\/index.php\/wp-json\/wp\/v2\/pages\/1426\/revisions"}],"predecessor-version":[{"id":1428,"href":"http:\/\/www.sigortaustasi.com\/index.php\/wp-json\/wp\/v2\/pages\/1426\/revisions\/1428"}],"wp:attachment":[{"href":"http:\/\/www.sigortaustasi.com\/index.php\/wp-json\/wp\/v2\/media?parent=1426"}],"curies":[{"name":"wp","href":"https:\/\/api.w.org\/{rel}","templated":true}]}}