{"id":1414,"date":"2017-04-22T08:46:34","date_gmt":"2017-04-22T05:46:34","guid":{"rendered":"http:\/\/www.sigortaustasi.com\/?page_id=1414"},"modified":"2017-04-22T08:52:11","modified_gmt":"2017-04-22T05:52:11","slug":"tamamlayici-saglik-sigortasi","status":"publish","type":"page","link":"http:\/\/www.sigortaustasi.com\/index.php\/tamamlayici-saglik-sigortasi\/","title":{"rendered":"Tamamlay\u0131c\u0131 Sa\u011fl\u0131k Sigortas\u0131"},"content":{"rendered":"<p><strong>TAMAMLAYICI SA\u011eLIK S\u0130GORTASI TANIMI VE \u00d6ZELL\u0130KLER\u0130<\/strong><\/p>\n<p>Sa\u011fl\u0131\u011f\u0131m\u0131z, sahip olabilece\u011fimiz en b\u00fcy\u00fck hazine. Fakat g\u00fcnl\u00fck hayatta en \u00e7ok erteledi\u011fimiz, ihmal etti\u011fimiz \u015fey yine sa\u011fl\u0131\u011f\u0131m\u0131z.<\/p>\n<p>Oysa ki erken ya\u015fta korunmaya ba\u015flayan sa\u011fl\u0131\u011f\u0131n bize uzun ve kaliteli bir ya\u015fam sa\u011flad\u0131\u011f\u0131n\u0131 biliyoruz. Bu y\u00fczden sa\u011fl\u0131\u011f\u0131m\u0131z i\u00e7in alabilece\u011fimiz \u00f6nlemlerden en \u00f6nemlisi, erken ya\u015fta sa\u011fl\u0131k sigortas\u0131 yapt\u0131rmak.<\/p>\n<p>Tamamlay\u0131c\u0131 Sa\u011fl\u0131k Sigortas\u0131, SGK ile anla\u015fmal\u0131 \u00f6zel hastanelerde fark \u00fccreti \u00f6demeden tedavi olman\u0131z\u0131 sa\u011flar. Sizi ve sevdiklerinizi sa\u011fl\u0131k problemlerine kar\u015f\u0131 uygun primlerle g\u00fcvence alt\u0131na al\u0131r. B\u00f6ylece diledi\u011finiz anla\u015fmal\u0131 \u00f6zel kurumda, s\u0131ra beklemeden ve fark \u00fccreti \u00f6demeden tedavi olabilirsiniz.<br \/>\nAyr\u0131ca kamu \u00fcniversite hastanelerindeki \u00f6\u011fretim \u00fcyeleri i\u00e7in \u00f6deyece\u011finiz fark \u00fccretleri de poli\u00e7eniz ile teminat alt\u0131nda!<br \/>\nTamamlay\u0131c\u0131 Sa\u011fl\u0131k Sigortas\u0131 Neleri Kapsamaktad\u0131r?<br \/>\n\u0130htiyac\u0131n\u0131za uygun olarak Yatarak Tedavi ya da Yatarak+Ayakta Tedavi planlar\u0131ndan birini se\u00e7ebilirsiniz.<br \/>\nYatarak Tedavi Teminatlar\u0131<br \/>\n\u00d6zel ve Genel \u015eartlar \u00e7er\u00e7evesinde %100 ve limitsiz olarak kar\u015f\u0131lanmaktad\u0131r.<\/p>\n<p>Cerrahi ve Dahili Yat\u0131\u015flar<br \/>\nYo\u011fun Bak\u0131m<br \/>\nKemoterapi<br \/>\nRadyoterapi<br \/>\nDiyaliz<br \/>\nK\u00fc\u00e7\u00fck M\u00fcdahale<br \/>\nKoroner Anjiyografi<br \/>\nStandart Tek Ki\u015filik \u00d6zel Oda, Yemek ve Refakat\u00e7i Giderleri<br \/>\nFizik Tedavi (Ameliyat Sonras\u0131)<\/p>\n<p>Ayakta Tedavi Teminatlar\u0131<br \/>\nSigortal\u0131 ba\u015f\u0131na y\u0131ll\u0131k 10 adet ba\u015fvuru limiti ile geni\u015f teminat kapsam\u0131 sunulmaktad\u0131r.<\/p>\n<p>Doktor Muayene<br \/>\nLaboratuvar<br \/>\nRadyoloji<br \/>\n\u0130leri Tan\u0131 Y\u00f6ntemleri<br \/>\nFizik Tedavi<\/p>\n<p>Tercih etti\u011finiz planda yer alan teminatlara ilave olarak, ek prim \u00f6demeksizin a\u015fa\u011f\u0131daki hizmetlerden yararlanabilirsiniz.<br \/>\nHastanede G\u00fcndelik Yat\u0131\u015f Tazminat\u0131 (Olay ba\u015f\u0131na 5 g\u00fcn, g\u00fcnl\u00fck 100 TL, y\u0131ll\u0131k ise 3.000 TL ile s\u0131n\u0131rl\u0131d\u0131r.)<br \/>\nCheck-up<br \/>\nDi\u015f Tedavi Paketi<br \/>\nAmbulans Koordinasyon Hizmeti<\/p>\n<p><strong>Tamamlay\u0131c\u0131 Sa\u011fl\u0131k Sigortas\u0131n\u0131n Di\u011fer Avantajlar\u0131;<\/strong><br \/>\nKamu \u00fcniversite hastanelerinde muayene olman\u0131z durumunda, \u00f6\u011fretim \u00fcyeleri i\u00e7in \u00f6deyece\u011finiz fark tutarlar\u0131n\u0131 geri \u00f6deme olarak alabilirsiniz.<br \/>\nHastanede G\u00fcndelik Yat\u0131\u015f Tazminat\u0131 ile yatarak tedavi kapsam\u0131ndaki giderlerinize ek olarak, tedavi s\u00fcrecinizde ihtiya\u00e7 duyabilece\u011finiz di\u011fer harcamalar\u0131n\u0131z\u0131 da \u00f6deyece\u011fimiz nakit para ile kar\u015f\u0131layabilirsiniz.<br \/>\nAile bireylerinizi de ayn\u0131 poli\u00e7e ile g\u00fcvence alt\u0131na almak istemeniz halinde, aile indirimi avantaj\u0131ndan yararlanabilirsiniz.<\/p>\n","protected":false},"excerpt":{"rendered":"<p>TAMAMLAYICI SA\u011eLIK S\u0130GORTASI TANIMI VE \u00d6ZELL\u0130KLER\u0130 Sa\u011fl\u0131\u011f\u0131m\u0131z, sahip olabilece\u011fimiz en b\u00fcy\u00fck hazine. Fakat g\u00fcnl\u00fck hayatta en \u00e7ok erteledi\u011fimiz, ihmal etti\u011fimiz \u015fey yine sa\u011fl\u0131\u011f\u0131m\u0131z. Oysa ki erken ya\u015fta korunmaya ba\u015flayan sa\u011fl\u0131\u011f\u0131n &#8230;<\/p>\n","protected":false},"author":1,"featured_media":0,"parent":0,"menu_order":0,"comment_status":"closed","ping_status":"closed","template":"","meta":{"footnotes":""},"_links":{"self":[{"href":"http:\/\/www.sigortaustasi.com\/index.php\/wp-json\/wp\/v2\/pages\/1414"}],"collection":[{"href":"http:\/\/www.sigortaustasi.com\/index.php\/wp-json\/wp\/v2\/pages"}],"about":[{"href":"http:\/\/www.sigortaustasi.com\/index.php\/wp-json\/wp\/v2\/types\/page"}],"author":[{"embeddable":true,"href":"http:\/\/www.sigortaustasi.com\/index.php\/wp-json\/wp\/v2\/users\/1"}],"replies":[{"embeddable":true,"href":"http:\/\/www.sigortaustasi.com\/index.php\/wp-json\/wp\/v2\/comments?post=1414"}],"version-history":[{"count":2,"href":"http:\/\/www.sigortaustasi.com\/index.php\/wp-json\/wp\/v2\/pages\/1414\/revisions"}],"predecessor-version":[{"id":1423,"href":"http:\/\/www.sigortaustasi.com\/index.php\/wp-json\/wp\/v2\/pages\/1414\/revisions\/1423"}],"wp:attachment":[{"href":"http:\/\/www.sigortaustasi.com\/index.php\/wp-json\/wp\/v2\/media?parent=1414"}],"curies":[{"name":"wp","href":"https:\/\/api.w.org\/{rel}","templated":true}]}}