{"id":1368,"date":"2017-04-21T18:03:11","date_gmt":"2017-04-21T15:03:11","guid":{"rendered":"http:\/\/www.sigortaustasi.com\/?page_id=1368"},"modified":"2017-04-22T08:51:13","modified_gmt":"2017-04-22T05:51:13","slug":"kasko-sigortasi","status":"publish","type":"page","link":"http:\/\/www.sigortaustasi.com\/index.php\/kasko-sigortasi\/","title":{"rendered":"Kasko Sigortas\u0131"},"content":{"rendered":"<p><strong>KASKO S\u0130GORTASI TANIMI VE \u00d6ZELL\u0130KLER\u0130<\/strong><\/p>\n<p>Kasko Sigortas\u0131 arac\u0131n\u0131z\u0131 ve sizi kazalar sonucunda kar\u015f\u0131la\u015fabilece\u011finiz zararlara kar\u015f\u0131 koruyan sigortad\u0131r. Trafik kazalar\u0131 sonucu araban\u0131zda olu\u015fabilecek hasarlar\u0131n yan\u0131nda arac\u0131 kullanan ki\u015fi ve yolcular\u0131 da kazalara kar\u015f\u0131 korur.<\/p>\n<p>Geni\u015f kapsaml\u0131 bir kasko sigortas\u0131  arac\u0131n\u0131z\u0131 ve ara\u00e7 i\u00e7inde bulunan yolcular\u0131 a\u015fa\u011f\u0131daki hallerde teminat alt\u0131na al\u0131r:<br \/>\n\u2022 Kaza sonucu \u00e7arpma, \u00e7arp\u0131\u015fma, devrilme, yanma,<br \/>\n\u2022 Sigara ve benzeri maddelerin temas\u0131 sonucu meydana gelebilecek zararlar,<br \/>\n\u2022 Park halinde arac\u0131n u\u011frayaca\u011f\u0131 zararlar,<br \/>\n\u2022 Arac\u0131n \u00e7al\u0131nmas\u0131 ve \u00e7al\u0131nma esnas\u0131nda olu\u015facak zararlar<br \/>\n\u2022 Arac\u0131n \u00e7ekilmesi s\u0131ras\u0131nda olu\u015fabilecek zararlar,<br \/>\n\u2022 3. ki\u015filere verilebilecek bedeni ve maddi zararlar,<br \/>\n\u2022 \u015eof\u00f6r ve yolcular\u0131n kaza sonucu zarar g\u00f6rmeleri,<br \/>\n\u2022 Sel, su bask\u0131n\u0131 hasarlar\u0131,<br \/>\n\u2022 Grev, Lokavt, Karga\u015fal\u0131k, Halk Hareketleri ve Ter\u00f6rizm,<br \/>\n\u2022 Deprem<br \/>\n\u2022 Hukuksal uyu\u015fmazl\u0131klar nedeniyle olu\u015fabilecek koruma teminat\u0131<br \/>\n\u2022 Mini onar\u0131m hizmeti<br \/>\n\u2022 Kaza ve ar\u0131za durumunda arac\u0131n yetkili servisi \u00e7ekilmesi<br \/>\n\u2022 Ara\u00e7 i\u00e7indeki \u00f6zel e\u015fyalar\u0131n zarara u\u011framas\u0131<br \/>\n\u2022 Arac\u0131n anahtar\u0131n\u0131n kaybolmas\u0131<br \/>\n\u2022 Herhangi bir hasar an\u0131nda enflasyona kar\u015f\u0131 koruma teminat\u0131<\/p>\n<p>Ayr\u0131ca; Ara\u00e7 telefonu, arac\u0131n orijinalinde bulunmay\u0131p sonradan eklenmi\u015f radyo teyp, kolonlar veya aksesuarlar, yurtd\u0131\u015f\u0131 teminat\u0131, y\u00fck teminat\u0131n\u0131 kasko sigortan\u0131za eklettirebilirsiniz..<\/p>\n<p><strong>Teminat D\u0131\u015f\u0131 Kalan Haller<\/strong><\/p>\n<p>Kasko Sigortas\u0131 Hangi Zararlar\u0131n\u0131z\u0131 \u00d6demez;<br \/>\n\u2022 Her t\u00fcrl\u00fc sava\u015f olaylar\u0131, istila, yabanc\u0131 d\u00fc\u015fman hareketleri, i\u00e7 sava\u015f, ihtilal, isyan, ayaklanma meydana gelen zararlar,<br \/>\n\u2022 Herhangi bir n\u00fckleer yak\u0131ttan veya n\u00fckleer yak\u0131t\u0131n yanmas\u0131 sonucu n\u00fckleer at\u0131klardan veya bunlara atfedilen nedenlerden meydana gelen b\u00fct\u00fcn zararlar<br \/>\n\u2022 Kamu otoritesi taraf\u0131ndan \u00e7ekilme hali hari\u00e7 ta\u015f\u0131tta yap\u0131lacak tasarruflar nedeniyle meydana gelen zararlar,<br \/>\n\u2022 Poli\u00e7ede g\u00f6sterilen ta\u015f\u0131t\u0131n, Karayollar\u0131 Traf\u0131k Kanunu h\u00fck\u00fcmlerine g\u00f6re, gerekli s\u00fcr\u00fcc\u00fc belgesine sahip olmayan kimseler taraf\u0131ndan kullan\u0131lmas\u0131 s\u0131ras\u0131nda meydana gelen zararlar,<br \/>\n\u2022 Ta\u015f\u0131t\u0131n, uyu\u015fturucu maddeler veya Karayollar\u0131 Traf\u0131k Kanunu uyar\u0131nca yasaklanan miktardan fazla i\u00e7ki alm\u0131\u015f ki\u015filer taraf\u0131ndan kullan\u0131lmas\u0131 s\u0131ras\u0131nda meydana gelen zararlar,<br \/>\n\u2022 Ta\u015f\u0131ta, sigortal\u0131 veya fiillerinden sorumlu bulundu\u011fu kimseler veya birlikte ya\u015fad\u0131\u011f\u0131 ki\u015filer taraf\u0131ndan kasten verilen zararlar ile sigortal\u0131n\u0131n fiillerinden sorumlu oldu\u011fu kimseler veya birlikte ya\u015fad\u0131\u011f\u0131 ki\u015filer taraf\u0131ndan sigortal\u0131 ta\u015f\u0131t\u0131n ka\u00e7\u0131r\u0131lmas\u0131 veya \u00e7al\u0131nmas\u0131 nedeniyle meydana gelen zararlar,<br \/>\n\u2022 Ya\u011fs\u0131zl\u0131k, susuzluk, donma, bozukluk, eskime, \u00e7\u00fcr\u00fcme, paslanma ve bak\u0131ms\u0131zl\u0131k nedeniyle meydana gelen zararlar,<br \/>\n\u2022 Sigorta kapsam\u0131na giren bir olaydan do\u011fmad\u0131k\u00e7a ve b\u00f6yle bir olayla sonu\u00e7lanmad\u0131k\u00e7a ta\u015f\u0131t\u0131n mekanik, elektrik ve elektronik donan\u0131mda meydana gelen her t\u00fcrl\u00fc ar\u0131zalar, k\u0131r\u0131lmalar ile lastiklerde meydana gelen zararlar,<br \/>\n\u2022 Ta\u015f\u0131t\u0131n bir hasar veya ar\u0131za nedeniyle zorunlu olarak ta\u015f\u0131nmas\u0131 veya \u00e7ekilmesi nedeniyle meydana gelen teminat kapsam\u0131ndaki zararlar hari\u00e7 olmak \u00fczere, ta\u015f\u0131t\u0131n kendi g\u00fcc\u00fc ile girip \u00e7\u0131kaca\u011f\u0131 d\u00fczenli (tarifeli) ve ruhsatl\u0131 sefer yapan gemiler ve trenler d\u0131\u015f\u0131nda, kara, deniz, nehir ve havada ta\u015f\u0131nmas\u0131 s\u0131ras\u0131nda u\u011frayaca\u011f\u0131 zararlar,<br \/>\n\u2022 Ta\u015f\u0131t\u0131n ruhsat\u0131nda belirtilen ta\u015f\u0131ma haddinden fazla y\u00fck ve yolcu ta\u015f\u0131mas\u0131 s\u0131ras\u0131nda meydana gelen zararlar .<br \/>\n\u2022 3713 say\u0131l\u0131 Ter\u00f6rle M\u00fccadele Kanununda belirtilen ter\u00f6r eylemleri ve bu eylemlerden do\u011fan sabotaj sonucunda olu\u015fan veya bu eylemleri \u00f6nlemek ve etkilerini azaltmak amac\u0131yla yetkili organlar taraf\u0131ndan yap\u0131lan m\u00fcdahaleler sonucu meydana gelen biyolojik ve\/veya kimyasal kirlenme, bula\u015fma veya zehirlenmeler nedeniyle olu\u015facak b\u00fct\u00fcn zararlar.<\/p>\n<p><strong>S\u0131k Sorulan Sorular<\/strong><\/p>\n<p>Evimin \u00f6n\u00fcnde park halinde duran arabama birisi vurup ka\u00e7m\u0131\u015f, ne yapmam laz\u0131m?<br \/>\nEn yak\u0131n polis ya da jandarma karakoluna m\u00fcracaatla zab\u0131t tutturman\u0131z gerekmektedir. <\/p>\n<p>Araba kredisi ald\u0131\u011f\u0131m banka, kendi sigorta \u015firketinden poli\u00e7e kestirmem i\u00e7in zorluyor, b\u00f6yle bir hakk\u0131 var m\u0131?<br \/>\nSigorta Murakabe Kanununa g\u00f6re; kredi veren kurulu\u015f s\u00f6zle\u015fme ile krediye konu olan arac\u0131n sigortalanmas\u0131n\u0131 \u015fart ko\u015fabilir, fakat sigortan\u0131n belirli bir \u015firkete yapt\u0131r\u0131lmas\u0131na ili\u015fkin \u015fartlar h\u00fck\u00fcms\u00fczd\u00fcr.<\/p>\n<p>Arac\u0131n \u00e7ekilmesi esnas\u0131nda olu\u015fan hasarlar, kasko sigortas\u0131na dahil midir?<br \/>\nYetkili ki\u015filerce \u00e7ekilmesi esnas\u0131nda olu\u015fan hasarlar teminata dahildir. Sigorta \u015firketleri ek olarak yetkisiz ki\u015filerce \u00e7ekilmeyi de poli\u00e7e i\u00e7eri\u011fine g\u00f6re teminat alt\u0131na alabilir.<\/p>\n<p>Cam ve far hasarlar\u0131nda hasars\u0131zl\u0131k indirimim yanar m\u0131?<br \/>\nCam ve far hasarlar\u0131nda ilk defada hasars\u0131zl\u0131k indirimi bozulmaz.<\/p>\n<p>Araba kredisi ald\u0131\u011f\u0131m banka ara\u00e7 \u00fczerine ipotek koydu. \u00d6demede zorlan\u0131nca arac\u0131m\u0131 bir yak\u0131n\u0131ma el senedi ile satt\u0131m. Arac\u0131n kaskosu banka taraf\u0131ndan benim \u00fczerime yap\u0131l\u0131yor, bir kaza olursa hasar \u00f6demesini bana m\u0131, sat\u0131n alana m\u0131 yapars\u0131n\u0131z?<br \/>\nHasar \u00f6demesi ruhsat sahibi olan ki\u015fiye yap\u0131l\u0131r.<\/p>\n<p>Neden hasar \u00f6demesinde KDV yi eklemediniz?<br \/>\nKDV \u00f6demesini yapabilmek i\u00e7in fatura asl\u0131n\u0131n hasar dosyas\u0131nda bulunmas\u0131 gerekmektedir. Faturan\u0131n asl\u0131n\u0131n g\u00f6nderilmesi halinde, KDV tutar\u0131 hasar tazminat\u0131na eklenecektir.<\/p>\n<p>Kusurun % 100 kar\u015f\u0131 tarafta oldu\u011fu bir kazada, kasko poli\u00e7emi devreye sokarsam, hasars\u0131zl\u0131k indirim hakk\u0131m yanar m\u0131?<br \/>\nKusurun 8\/8 kar\u015f\u0131 tarafta oldu\u011fu kazalarda, kaskoyu devreye sokman\u0131z halinde, hasars\u0131zl\u0131k indirim hakk\u0131n\u0131z bozulmaz.<\/p>\n<p>Arac\u0131m\u0131, bir ba\u015fkas\u0131na el senedi ile satt\u0131m, alan ki\u015fi bir kaza yaparsa ben sorumlu olur muyum?<br \/>\nMevzuata g\u00f6re ara\u00e7lara ili\u015fkin m\u00fclkiyet de\u011fi\u015fikli\u011fi ancak noter sat\u0131\u015f\u0131 ile m\u00fcmk\u00fcnd\u00fcr. Arac\u0131n\u0131z\u0131n el de\u011fi\u015ftirme i\u015fi noter kanal\u0131 ile yap\u0131lmad\u0131\u011f\u0131 i\u00e7in i\u015fleten s\u0131fat\u0131n\u0131z kaybolmad\u0131\u011f\u0131ndan arac\u0131n\u0131z\u0131n kar\u0131\u015fm\u0131\u015f oldu\u011fu her t\u00fcrl\u00fc kazada y\u00fck\u00fcml\u00fcl\u00fc\u011f\u00fcn\u00fcz devam eder.<\/p>\n<p>K\u0131rm\u0131z\u0131 \u0131\u015f\u0131kta beklerken, arkadan bir ara\u00e7 bana vurdu, trafik raporunda kar\u015f\u0131 taraf % 100 su\u00e7lu bulundu. Ama yap\u0131lan alkol kontrol\u00fcnde bende 0,80 promil alkol tespit edildi, kasko hasar\u0131m\u0131 \u00f6der mi?<br \/>\nKazaya kusurunuzla sebebiyet vermedi\u011finiz i\u00e7in hasar\u0131n\u0131z \u00f6denir.<\/p>\n<p>Kasko Sigorta Poli\u00e7elerinde yer alan Enflasyon Koruma teminat\u0131 neleri kapsamaktad\u0131r?<br \/>\nSigorta edilen ta\u015f\u0131t\u0131n poli\u00e7e \u00fczerinde yaz\u0131l\u0131 bulunan sigorta bedeli (radyo-teyp, telsiz, telefon, ta\u015f\u0131nan emtea ve benzeri ek teminatlar hari\u00e7) poli\u00e7ede kay\u0131tl\u0131 y\u0131ll\u0131k azami oranda art\u0131\u015fa tabidir. Bu oran hi\u00e7bir \u015fekilde ayn\u0131 d\u00f6nem i\u00e7inde ge\u00e7erli olan poli\u00e7ede yaz\u0131l\u0131 enflasyon oran\u0131n\u0131 ge\u00e7emeyece\u011fi gibi hi\u00e7bir \u015fekilde arac\u0131n hasar tarihindeki piyasa de\u011ferinin \u00fczerinde olamaz.<\/p>\n<p>Kasko Sigortalar\u0131nda arac\u0131n d\u0131\u015f\u0131ndaki aksesuarlar teminata dahil midir?<br \/>\nSigortalanan arac\u0131n fabrika \u00e7\u0131k\u0131\u015f\u0131 orijinalinde olmayan aksesuarlar poli\u00e7ede belirtilmedi\u011fi s\u00fcrece teminata dahil de\u011fildir. Araca sonradan monte edilen aksesuarlar (radyo-teyp, kolon, \u00e7elik jant, \u00f6zel lastik, telsiz, telefon ve di\u011fer aksesuarlar) sigorta bedeli belirtilerek ve primi \u00f6denerek teminata dahil edilebilir.<\/p>\n<p>Hasars\u0131zl\u0131k indirimleri \u015firket de\u011fi\u015fiklerinde ve ara\u00e7 de\u011fi\u015fiklerinde devam eder mi?<br \/>\nKasko Sigortalar\u0131nda sigorta \u015firketi de\u011fi\u015fikliklerinde hasars\u0131zl\u0131k indirimleri Tramer kay\u0131tlar\u0131nda kontrol edilerek devam ettirilir. Ayr\u0131ca ara\u00e7 de\u011fi\u015fikliklerinde de hasars\u0131zl\u0131k indirimleri devam ettirilir.<\/p>\n<p>Ara\u00e7 sat\u0131ld\u0131\u011f\u0131 zaman yeni al\u0131c\u0131ya kasko sigortas\u0131 devir edilir mi?<br \/>\nKasko Sigortas\u0131 Genel \u015eartlar\u0131n\u0131n C.5 maddesine istinaden arac\u0131n m\u00fclkiyetinde bir de\u011fi\u015fiklik oldu\u011fu takdirde (noter sat\u0131\u015f\u0131 olsun olmas\u0131n) poli\u00e7e m\u00fcnfesih (iptal) olarak kabul edilir ve bu tarihten sonra olas\u0131 hasar talepleri kar\u015f\u0131lanmaz. Poli\u00e7e iptal edilerek kalan s\u00fcrenin primi sigortal\u0131ya iade edilir. Yeni al\u0131c\u0131lar\u0131n kendi adlar\u0131na poli\u00e7e yapt\u0131rmalar\u0131 gerekmektedir.<\/p>\n<p>Anla\u015fmal\u0131 ve anla\u015fmas\u0131z servis aras\u0131ndaki fark nedir?<br \/>\nAnla\u015fmal\u0131 servislerimizde eksper \u00e7a\u011f\u0131r\u0131lmas\u0131, dosyan\u0131n takibi gibi i\u015flemleri servisimiz ger\u00e7ekle\u015ftirmektedir. Bu servislerde hasarla ilgili herhangi bir \u00f6deme yapman\u0131za gerek yoktur. Arac\u0131n\u0131z tamir edildikten sonra sadece teslim alma formunu imzalayarak arac\u0131n\u0131z\u0131 teslim alabilirsiniz.<\/p>\n<p>Ara\u00e7larda ta\u015f\u0131nan y\u00fck\u00fcn de Kasko Sigorta Teminat\u0131na dahil edilmesi m\u00fcmk\u00fcn m\u00fcd\u00fcr?<br \/>\nEvet m\u00fcmk\u00fcnd\u00fcr. Y\u00fck ta\u015f\u0131maya uygun ara\u00e7larda (kamyonet, kamyon, tanker) sigorta ettirilen ta\u015f\u0131tta ta\u015f\u0131nan ve ta\u015f\u0131t sahibine ait olan emtea, ta\u015f\u0131t\u0131n u\u011frayaca\u011f\u0131 tam kasko hasarlar\u0131 sonucunda zarar g\u00f6rmesi halinde poli\u00e7ede yaz\u0131l\u0131 de\u011fer \u00fczerinden sigorta kapsam\u0131na al\u0131nmaktad\u0131r.<\/p>\n<p>Kasko sigortal\u0131 arac\u0131n \u00e7al\u0131nmas\u0131 halinde, tazminat \u00f6denmeden bekleme s\u00fcresi var m\u0131d\u0131r?<br \/>\n\u00c7al\u0131nan arac\u0131n bulunmas\u0131 i\u00e7in ilgili makamlar\u0131n yapacaklar\u0131 ara\u015ft\u0131rmalar 30 g\u00fcn i\u00e7inde sonu\u00e7 vermedi\u011fi takdirde, ilgili makamdan arac\u0131n bulunamad\u0131\u011f\u0131na dair yaz\u0131 al\u0131narak, sigortac\u0131 tazminat\u0131 \u00f6der. Bu \u00f6demeyi takiben \u00e7al\u0131nan ara\u00e7 bulundu\u011fu takdirde, bu durumu sigortal\u0131 yaz\u0131 ile sigortac\u0131ya derhal bildirmekle y\u00fck\u00fcml\u00fcd\u00fcr; sigortal\u0131, ald\u0131\u011f\u0131 tazminat\u0131 iade ederek arac\u0131n\u0131 geri alabilir veya arac\u0131n\u0131 sigortac\u0131ya devreder.<\/p>\n<p>Hasar An\u0131nda Ne Yapmal\u0131y\u0131m<br \/>\nSigorta Dura\u011f\u0131m, m\u00fc\u015fterilerinin hasar sonras\u0131 s\u00fcrecini ba\u015f\u0131ndan sonuna kadar takip eder, h\u0131zl\u0131, do\u011fru ve eksiksiz olarak sonu\u00e7land\u0131r\u0131r.<\/p>\n<p>Hasar\u0131n\u0131z oldu\u011funda; hasar tarihten itibaren 5 i\u015f g\u00fcn\u00fc i\u00e7erisinde sigorta \u015firketine ihbarda bulunman\u0131z gerekir. \u0130lgili sigorta \u015firketi ihbardan sonra hasar tespiti i\u00e7in eksper tayin eder. Tazminat\u0131n k\u0131sa s\u00fcrede \u00f6denebilmesi i\u00e7in hasar ile ilgili belgelerin sigorta \u015firketine ya da eksperin kendisine do\u011frudan ula\u015ft\u0131r\u0131lmas\u0131 gerekir.<\/p>\n<p><strong>Hasar sonras\u0131 haz\u0131rlaman\u0131z gereken belgeler; <\/strong><\/p>\n<p>\u00c7arpma-\u00c7arp\u0131lma<br \/>\nTrafik kazas\u0131 tespit tutana\u011f\u0131 tasdikli sureti<br \/>\nAnla\u015fmal\u0131 kaza tutana\u011f\u0131<br \/>\nAlkol raporu tasdikli sureti<br \/>\nEhliyet fotokopisi<br \/>\nRuhsat fotokopisi<br \/>\nAra\u00e7 rehinli ise rehin koyan kurumun hasar \u00f6denmesine muvafakati<br \/>\nArac\u0131n yanmas\u0131 durumunda itfaiye raporu ve hasar foto\u011fraflar\u0131<br \/>\nY\u00fck ta\u015f\u0131yan ara\u00e7larda irsaliye ve faturalar<br \/>\nSigortal\u0131 banka hesap bilgileri<\/p>\n<p>H\u0131rs\u0131zl\u0131k Hasarlar\u0131<br \/>\nKarakol m\u00fcracaat tutana\u011f\u0131 (tasdikli sureti)<br \/>\nMaliyeden borcu yoktur yaz\u0131s\u0131<br \/>\nArac\u0131n bulunamad\u0131\u011f\u0131na dair karakol ve oto h\u0131rs\u0131zl\u0131k b\u00fcrosu yaz\u0131lar\u0131<br \/>\n\u00c7al\u0131nt\u0131 ka\u015feli ruhsat asl\u0131<br \/>\nArac\u0131n trafik dosyas\u0131, as\u0131l ve yedek anahtarlar<br \/>\nTrafik Tescil \u015eube M\u00fcd\u00fcrl\u00fc\u011f\u00fc\u2019nden trafik kayd\u0131n\u0131n silindi\u011fine dair yaz\u0131<br \/>\nDain-i M\u00fcrtein var ise ilgili kurumdan al\u0131nacak muvafakatname<br \/>\nVekalet (\u00f6rne\u011fi \u015firketimiz taraf\u0131ndan verilmektedir)<br \/>\nSigortal\u0131 banka hesap bilgileri<\/p>\n<p>Radyo Teyp \u00c7al\u0131nmas\u0131<br \/>\n\u0130fade ve g\u00f6rg\u00fc tespit zapt\u0131<br \/>\nRuhsat fotokopisi<br \/>\nDain-i M\u00fcrtein var ise ilgili kurumdan muvafakatname<br \/>\nSigortal\u0131 banka hesap bilgileri<\/p>\n<p>Cam K\u0131r\u0131lmas\u0131<br \/>\nHasar\u0131n nas\u0131l oldu\u011funu anlatan beyan<br \/>\nArac\u0131n ruhsat fotokopisi<br \/>\nAra\u00e7 s\u00fcr\u00fcc\u00fcs\u00fcn\u00fcn s\u00fcr\u00fcc\u00fc belgesi fotokopisi (seyir halinde ise)<br \/>\nArac\u0131n cam\u0131n\u0131n de\u011fi\u015ftirilmesi i\u015flemi anla\u015fmal\u0131 servislerimiz d\u0131\u015f\u0131nda bir yerde yapt\u0131r\u0131ld\u0131ysa faturas\u0131<br \/>\nArac\u0131n hasarl\u0131 halinin foto\u011fraf\u0131<br \/>\nArac\u0131n cam\u0131n\u0131n de\u011fi\u015ftirilmesi i\u015flemi anla\u015fmal\u0131 servislerimiz d\u0131\u015f\u0131nda bir yerde yapt\u0131r\u0131ld\u0131ysa sigortal\u0131 hesap numaras\u0131<\/p>\n","protected":false},"excerpt":{"rendered":"<p>KASKO S\u0130GORTASI TANIMI VE \u00d6ZELL\u0130KLER\u0130 Kasko Sigortas\u0131 arac\u0131n\u0131z\u0131 ve sizi kazalar sonucunda kar\u015f\u0131la\u015fabilece\u011finiz zararlara kar\u015f\u0131 koruyan sigortad\u0131r. Trafik kazalar\u0131 sonucu araban\u0131zda olu\u015fabilecek hasarlar\u0131n yan\u0131nda arac\u0131 kullanan ki\u015fi ve yolcular\u0131 da &#8230;<\/p>\n","protected":false},"author":1,"featured_media":0,"parent":0,"menu_order":0,"comment_status":"closed","ping_status":"closed","template":"","meta":{"footnotes":""},"_links":{"self":[{"href":"http:\/\/www.sigortaustasi.com\/index.php\/wp-json\/wp\/v2\/pages\/1368"}],"collection":[{"href":"http:\/\/www.sigortaustasi.com\/index.php\/wp-json\/wp\/v2\/pages"}],"about":[{"href":"http:\/\/www.sigortaustasi.com\/index.php\/wp-json\/wp\/v2\/types\/page"}],"author":[{"embeddable":true,"href":"http:\/\/www.sigortaustasi.com\/index.php\/wp-json\/wp\/v2\/users\/1"}],"replies":[{"embeddable":true,"href":"http:\/\/www.sigortaustasi.com\/index.php\/wp-json\/wp\/v2\/comments?post=1368"}],"version-history":[{"count":2,"href":"http:\/\/www.sigortaustasi.com\/index.php\/wp-json\/wp\/v2\/pages\/1368\/revisions"}],"predecessor-version":[{"id":1420,"href":"http:\/\/www.sigortaustasi.com\/index.php\/wp-json\/wp\/v2\/pages\/1368\/revisions\/1420"}],"wp:attachment":[{"href":"http:\/\/www.sigortaustasi.com\/index.php\/wp-json\/wp\/v2\/media?parent=1368"}],"curies":[{"name":"wp","href":"https:\/\/api.w.org\/{rel}","templated":true}]}}