{"id":1334,"date":"2017-04-21T16:18:51","date_gmt":"2017-04-21T13:18:51","guid":{"rendered":"http:\/\/localhost\/siusw\/?page_id=1334"},"modified":"2017-04-21T16:18:51","modified_gmt":"2017-04-21T13:18:51","slug":"isyerim","status":"publish","type":"page","link":"http:\/\/www.sigortaustasi.com\/index.php\/isyerim\/","title":{"rendered":"\u0130\u015fyerim"},"content":{"rendered":"<p>\u0130\u015finiz, i\u015fyeriniz, tar\u0131m ara\u00e7lar\u0131n\u0131z yada mahs\u00fcl\u00fcn\u00fcz risklere kar\u015f\u0131 sigortalanmas\u0131n\u0131 kapsamaktad\u0131r.<\/p>\n","protected":false},"excerpt":{"rendered":"<p>\u0130\u015finiz, i\u015fyeriniz, tar\u0131m ara\u00e7lar\u0131n\u0131z yada mahs\u00fcl\u00fcn\u00fcz risklere kar\u015f\u0131 sigortalanmas\u0131n\u0131 kapsamaktad\u0131r.<\/p>\n","protected":false},"author":1,"featured_media":0,"parent":0,"menu_order":0,"comment_status":"closed","ping_status":"closed","template":"","meta":{"footnotes":""},"_links":{"self":[{"href":"http:\/\/www.sigortaustasi.com\/index.php\/wp-json\/wp\/v2\/pages\/1334"}],"collection":[{"href":"http:\/\/www.sigortaustasi.com\/index.php\/wp-json\/wp\/v2\/pages"}],"about":[{"href":"http:\/\/www.sigortaustasi.com\/index.php\/wp-json\/wp\/v2\/types\/page"}],"author":[{"embeddable":true,"href":"http:\/\/www.sigortaustasi.com\/index.php\/wp-json\/wp\/v2\/users\/1"}],"replies":[{"embeddable":true,"href":"http:\/\/www.sigortaustasi.com\/index.php\/wp-json\/wp\/v2\/comments?post=1334"}],"version-history":[{"count":1,"href":"http:\/\/www.sigortaustasi.com\/index.php\/wp-json\/wp\/v2\/pages\/1334\/revisions"}],"predecessor-version":[{"id":1335,"href":"http:\/\/www.sigortaustasi.com\/index.php\/wp-json\/wp\/v2\/pages\/1334\/revisions\/1335"}],"wp:attachment":[{"href":"http:\/\/www.sigortaustasi.com\/index.php\/wp-json\/wp\/v2\/media?parent=1334"}],"curies":[{"name":"wp","href":"https:\/\/api.w.org\/{rel}","templated":true}]}}