{"id":1330,"date":"2017-04-21T16:16:12","date_gmt":"2017-04-21T13:16:12","guid":{"rendered":"http:\/\/localhost\/siusw\/?page_id=1330"},"modified":"2017-04-21T16:16:12","modified_gmt":"2017-04-21T13:16:12","slug":"ailem","status":"publish","type":"page","link":"http:\/\/www.sigortaustasi.com\/index.php\/ailem\/","title":{"rendered":"Ailem"},"content":{"rendered":"<p>Siz, aileniz yada sevdikleriniz i\u00e7in sa\u011fl\u0131k, tamamlay\u0131c\u0131 sa\u011fl\u0131k, hayat, seyahat sigortalar\u0131n\u0131 kapsar.<\/p>\n","protected":false},"excerpt":{"rendered":"<p>Siz, aileniz yada sevdikleriniz i\u00e7in sa\u011fl\u0131k, tamamlay\u0131c\u0131 sa\u011fl\u0131k, hayat, seyahat sigortalar\u0131n\u0131 kapsar.<\/p>\n","protected":false},"author":1,"featured_media":0,"parent":0,"menu_order":0,"comment_status":"closed","ping_status":"closed","template":"","meta":{"footnotes":""},"_links":{"self":[{"href":"http:\/\/www.sigortaustasi.com\/index.php\/wp-json\/wp\/v2\/pages\/1330"}],"collection":[{"href":"http:\/\/www.sigortaustasi.com\/index.php\/wp-json\/wp\/v2\/pages"}],"about":[{"href":"http:\/\/www.sigortaustasi.com\/index.php\/wp-json\/wp\/v2\/types\/page"}],"author":[{"embeddable":true,"href":"http:\/\/www.sigortaustasi.com\/index.php\/wp-json\/wp\/v2\/users\/1"}],"replies":[{"embeddable":true,"href":"http:\/\/www.sigortaustasi.com\/index.php\/wp-json\/wp\/v2\/comments?post=1330"}],"version-history":[{"count":1,"href":"http:\/\/www.sigortaustasi.com\/index.php\/wp-json\/wp\/v2\/pages\/1330\/revisions"}],"predecessor-version":[{"id":1331,"href":"http:\/\/www.sigortaustasi.com\/index.php\/wp-json\/wp\/v2\/pages\/1330\/revisions\/1331"}],"wp:attachment":[{"href":"http:\/\/www.sigortaustasi.com\/index.php\/wp-json\/wp\/v2\/media?parent=1330"}],"curies":[{"name":"wp","href":"https:\/\/api.w.org\/{rel}","templated":true}]}}